{"id":3166,"date":"2020-10-16T08:25:58","date_gmt":"2020-10-16T07:25:58","guid":{"rendered":"https:\/\/carlesmiro.com\/avisos-legales\/"},"modified":"2025-11-21T19:08:07","modified_gmt":"2025-11-21T18:08:07","slug":"avisos-legals","status":"publish","type":"page","link":"https:\/\/carlesmiro.com\/ca\/avisos-legals\/","title":{"rendered":"Avisos legals"},"content":{"rendered":"[vc_row type=&#8221;in_container&#8221; full_screen_row_position=&#8221;middle&#8221; column_margin=&#8221;default&#8221; column_direction=&#8221;default&#8221; column_direction_tablet=&#8221;default&#8221; column_direction_phone=&#8221;default&#8221; scene_position=&#8221;center&#8221; text_color=&#8221;dark&#8221; text_align=&#8221;left&#8221; row_border_radius=&#8221;none&#8221; row_border_radius_applies=&#8221;bg&#8221; overflow=&#8221;visible&#8221; overlay_strength=&#8221;0.3&#8243; gradient_direction=&#8221;left_to_right&#8221; shape_divider_position=&#8221;bottom&#8221; bg_image_animation=&#8221;none&#8221;][vc_column column_padding=&#8221;no-extra-padding&#8221; column_padding_tablet=&#8221;inherit&#8221; column_padding_phone=&#8221;inherit&#8221; column_padding_position=&#8221;all&#8221; column_element_direction_desktop=&#8221;default&#8221; column_element_spacing=&#8221;default&#8221; desktop_text_alignment=&#8221;default&#8221; tablet_text_alignment=&#8221;default&#8221; phone_text_alignment=&#8221;default&#8221; background_color_opacity=&#8221;1&#8243; background_hover_color_opacity=&#8221;1&#8243; column_backdrop_filter=&#8221;none&#8221; column_shadow=&#8221;none&#8221; column_border_radius=&#8221;none&#8221; column_link_target=&#8221;_self&#8221; column_position=&#8221;default&#8221; gradient_direction=&#8221;left_to_right&#8221; overlay_strength=&#8221;0.3&#8243; width=&#8221;1\/1&#8243; tablet_width_inherit=&#8221;default&#8221; animation_type=&#8221;default&#8221; bg_image_animation=&#8221;none&#8221; border_type=&#8221;simple&#8221; column_border_width=&#8221;none&#8221; column_border_style=&#8221;solid&#8221;][vc_column_text css=&#8221;&#8221; text_direction=&#8221;default&#8221;]\n<h2><strong>AVISOS LEGALS<\/strong><\/h2>\n<p>Aquests avisos legals s\u00f3n aplicables a qualsevol usuari que accedeixi a la p\u00e0gina web <a href=\"http:\/\/www.galeriacontrast.com\">www.carlesmiro.com<\/a> i en compliment de la normativa aplicable vigent li informem dels seg\u00fcents aspectes:<\/p>\n<ol>\n<li><strong>Identificaci\u00f3 del titular del lloc web:<\/strong><\/li>\n<\/ol>\n<p>Titular de la p\u00e0gina web: CARLES MIR\u00d3, S.L.<br \/>\nDomicili social: Carrer Pere Mateu, 4 08506 Calldetenes (Barcelona)<br \/>\nCIF: B62530480<br \/>\nTel\u00e8fon: 938866084<br \/>\nCorreu electr\u00f2nic: <a href=\"mailto:info@carlesmiro.com\">info@carlesmiro.com<\/a><\/p>\n<ol start=\"2\">\n<li><strong><strong>Propietat intel\u00b7lectual i responsabilitat sobre els continguts del lloc web.<\/strong><\/strong><\/li>\n<li>CARLES MIR\u00d3, S.L. \u00e9s titular o disposa de les llic\u00e8ncies corresponents sobre els drets d&#8217;explotaci\u00f3 de propietat intel\u00b7lectual i industrial del lloc web aix\u00ed com del seu contingut que pot incloure la mateixa plataforma, textos, logotips, marques, fotografies o il\u00b7lustracions, dissenys, interf\u00edcies o qualsevol altra informaci\u00f3 o contingut.<\/li>\n<\/ol>\n<p>L&#8217;usuari disposa d&#8217;un dret d&#8217;\u00fas de la p\u00e0gina web que no implica cap tipus de cessi\u00f3 al seu favor de cap dels continguts ni drets del titular de la p\u00e0gina web.<\/p>\n<p>L&#8217;\u00fas de marques, noms comercials registrats, signes distintius i altres elements protegits, siguin propietat de CARLES MIR\u00d3, S.L. o d&#8217;un tercer, queden reservades a l&#8217;\u00fas exclusiu de CARLES MIR\u00d3, S.L. i el titular de l&#8217;element protegit. En cap cas es podr\u00e0 fer \u00fas d&#8217;aquests elements llevat que es disposi de l&#8217;autoritzaci\u00f3 expressa per part del titular o el titular permeti la possibilitat de compartir continguts i aix\u00ed ho permeti mitjan\u00e7ant l&#8217;\u00fas d&#8217;eines tecnol\u00f2giques per a aquesta finalitat.<\/p>\n<p>Aix\u00ed mateix, queda prohibit eliminar o manipular els elements de protecci\u00f3 o informaci\u00f3 que identifiquin els titulars dels drets dels continguts de la p\u00e0gina web.<\/p>\n<p>Si l&#8217;usuari tingu\u00e9s coneixement de l&#8217;exist\u00e8ncia d&#8217;algun contingut il\u00b7l\u00edcit o que pogu\u00e9s infringir algun dret de propietat intel\u00b7lectual i\/o industrial, haur\u00e0 de notificar-ho immediatament a CARLES MIR\u00d3, S.L. a trav\u00e9s del correu <a href=\"mailto:info@galeriacontrast.com\">info@carlesmiro.com<\/a>, perqu\u00e8 aquest pugui adoptar les mesures oportunes. En el cas de ser el titular del dret vulnerat haur\u00e0 d&#8217;adjuntar la documentaci\u00f3 identificativa i acreditativa corresponent.<\/p>\n<ol start=\"2\">\n<li>Enlla\u00e7os: CARLES MIR\u00d3, S.L. no controla els continguts, les pol\u00edtiques de privacitat o les pr\u00e0ctiques que puguin portar a terme els llocs web de tercers i, per tant, no es fa responsable dels continguts als quals es dirigeixen els enlla\u00e7os situats a la p\u00e0gina web.<\/li>\n<li>CARLES MIR\u00d3, S.L. no ser\u00e0 responsable en cap cas i sota cap concepte de les infraccions que pugui cometre l&#8217;usuari en relaci\u00f3 amb els drets exposats en aquests avisos legals o qualsevol altre que pogu\u00e9s vulnerar.<\/li>\n<li>CARLES MIR\u00d3, S.L. exercir\u00e0 les accions judicials o extrajudicials que poguessin correspondre en cas que consideri que algun dels seus drets ha estat vulnerat.<\/li>\n<li><strong>Normes o condicions d&#8217;\u00fas del lloc web.<\/strong><\/li>\n<li>L&#8217;usuari es compromet a utilitzar la p\u00e0gina web, els continguts i serveis de conformitat amb la Llei, els presents avisos legals, les bones costums i l&#8217;ordre p\u00fablic. De la mateixa manera, l&#8217;usuari es compromet a no utilitzar la p\u00e0gina web, els seus continguts o serveis que es prestin a trav\u00e9s d&#8217;aquesta amb finalitats o efectes il\u00b7l\u00edcits, contraris a aquesta pol\u00edtica legal o lesius d&#8217;interessos o drets de tercers, o que de qualsevol altra forma, puguin danyar, inutilitzar, fer inaccessibles o deteriorar la p\u00e0gina web, els seus continguts o els seus serveis o impedir un \u00fas normal de la mateixa per part d&#8217;altres usuaris.<\/li>\n<\/ol>\n<p>Aix\u00ed mateix, l&#8217;usuari es compromet expressament a no destruir, alterar, inutilitzar o, de qualsevol altra forma, danyar les dades, programes o documents electr\u00f2nics que es trobin a la p\u00e0gina.<\/p>\n<ol start=\"2\">\n<li>Tenint en compte l&#8217;apartat anterior, ser\u00e0 responsabilitat de l&#8217;usuari, l&#8217;acc\u00e9s o utilitzaci\u00f3 del lloc web amb finalitats il\u00b7legals o no autoritzades; podent comportar l&#8217;adopci\u00f3 per part de CARLES MIR\u00d3, S.L. de les mesures oportunes emparades en dret i en l&#8217;exercici dels seus drets i obligacions.<\/li>\n<li><strong>Funcionament del lloc web<\/strong><\/li>\n<li>CARLES MIR\u00d3, S.L. vetllar\u00e0 pel bon funcionament del lloc web aix\u00ed com d&#8217;aplicar les mesures de seguretat adequades i dins de les seves possibilitats i l&#8217;estat de la t\u00e8cnica, perqu\u00e8 sigui un lloc fiable i reduir al m\u00ednim els possibles errors.<\/li>\n<li>No obstant aix\u00f2, CARLES MIR\u00d3, S.L. no garanteix ni es fa responsable de la continu\u00eftat dels continguts del lloc web, l&#8217;abs\u00e8ncia d&#8217;errors en els continguts, l&#8217;abs\u00e8ncia de virus i\/o altres components, la impossibilitat de vulnerar la seguretat del lloc, el mal rendiment dels continguts i\/o els danys o perjudicis que causi a si mateix, un tercer o qualsevol persona que infringeixi el bon \u00fas del lloc web.<\/li>\n<li>CARLES MIR\u00d3, S.L. es reserva el dret a suspendre, modificar, restringir o interrompre l&#8217;acc\u00e9s o \u00fas del lloc web, de manera temporal o permanent, aix\u00ed com la desc\u00e0rrega del contingut i \u00fas dels serveis del lloc web, amb o sense autoritzaci\u00f3 pr\u00e8via. En cap cas l&#8217;usuari podr\u00e0 exigir indemnitzaci\u00f3 per aquest motiu.<\/li>\n<li><strong>Protecci\u00f3 de dades<\/strong><\/li>\n<\/ol>\n<p>Totes les dades de car\u00e0cter personal facilitades per l&#8217;usuari durant la utilitzaci\u00f3 del lloc web es tractaran de conformitat amb la Pol\u00edtica de Privacitat que l&#8217;usuari haur\u00e0 d&#8217;acceptar de forma expressa. Aix\u00ed mateix, tamb\u00e9 disposa d&#8217;una pol\u00edtica de <em>cookies<\/em> que li permetr\u00e0 gestionar-les i desactivar-les si l&#8217;usuari aix\u00ed ho considera.<\/p>\n<ol start=\"6\">\n<li><strong>Xarxes socials<\/strong><\/li>\n<\/ol>\n<p>La p\u00e0gina web <a href=\"http:\/\/www.galeriacontrast.com\">www.carlesmiro.com<\/a> t\u00e9 enlla\u00e7os directes als canals i p\u00e0gines que t\u00e9 a diferents xarxes socials i plataformes de tercers la finalitat de les quals \u00e9s \u00fanicament facilitar el seu acc\u00e9s.<\/p>\n<p>En cap cas es comparteix amb aquests tercers cap tipus d&#8217;informaci\u00f3 tal com es determina en la nostra pol\u00edtica de privacitat. No obstant aix\u00f2, ser\u00e0 responsabilitat de l&#8217;usuari si desitja proporcionar dades a aquestes plataformes, tractament que es regir\u00e0 per les condicions de la plataforma i en la qual no interv\u00e9 CARLES MIR\u00d3, S.L. A continuaci\u00f3 es proporciona un acc\u00e9s a les condicions d&#8217;\u00fas de les plataformes en qu\u00e8 CARLES MIR\u00d3, S.L. disposa de perfil:<\/p>\n<ul>\n<li>Facebook: <a href=\"https:\/\/www.facebook.com\/help\/323540651073243\/\">https:\/\/www.facebook.com\/help\/323540651073243\/<\/a><\/li>\n<li>Twitter: <a href=\"https:\/\/twitter.com\/privacy\">https:\/\/twitter.com\/privacy<\/a><\/li>\n<li>Instagram: <a href=\"https:\/\/help.instagram.com\/581066165581870\">https:\/\/help.instagram.com\/581066165581870<\/a><\/li>\n<\/ul>\n<p>CARLES MIR\u00d3, S.L. no es responsabilitza del funcionament, continguts ni altres materials disponibles de la plataforma utilitzada al no ser de la seva titularitat i, per tant, estar fora del seu control. Aix\u00ed mateix, tampoc es fa responsable d&#8217;aquells casos en qu\u00e8 un tercer malintencionat intervingui en el bon funcionament o publicant contingut no desitjat i\/o perm\u00e8s per CARLES MIR\u00d3, S.L., introduint virus o codi malici\u00f3s en els equips de CARLES MIR\u00d3, S.L. o qualsevol usuari aix\u00ed com tampoc dels canvis de condicions d&#8217;\u00fas, funcionament o pol\u00edtiques de privacitat de la plataforma.<\/p>\n<p>CARLES MIR\u00d3, S.L. es compromet a retirar el contingut publicat en els seus perfils per part d&#8217;usuaris que sigui contrari a la normativa vigent el m\u00e9s aviat possible des que en tingui coneixement aix\u00ed com podr\u00e0 advertir els usuaris i\/o prendre les mesures que consideri convenients.<\/p>\n<p>L&#8217;usuari ha de ser conscient que les seves publicacions als perfils de CARLES MIR\u00d3, S.L. seran visibles per als altres usuaris i, per tant, haur\u00e0 de tenir en compte el que pot implicar per a la seva privacitat.<\/p>\n<p>La finalitat dels perfils a les diferents plataformes \u00e9s publicitar els serveis i productes de CARLES MIR\u00d3, S.L., per\u00f2 en el cas que aquest decid\u00eds tractar dades personals es far\u00e0 sempre complint amb les exig\u00e8ncies legals de la normativa de protecci\u00f3 de dades.<\/p>\n<p>En el cas que l&#8217;usuari detecti qualsevol mal funcionament o contingut contrari a la normativa vigent es prega que ho notifiqui a CARLES MIR\u00d3, S.L. el m\u00e9s aviat possible.<\/p>\n<ol start=\"7\">\n<li><strong>Legislaci\u00f3 aplicable i jurisdicci\u00f3 competent.<\/strong><\/li>\n<\/ol>\n<p>Qualsevol conflicte o problema d&#8217;interpretaci\u00f3 derivat d&#8217;aquests avisos legals o l&#8217;\u00fas del lloc web es regir\u00e0 pel que disposen les lleis espanyoles. Aix\u00ed mateix, en cas que la normativa vigent permeti la selecci\u00f3 del tribunal se sotmetran sempre a la jurisdicci\u00f3 dels Tribunals de la ciutat de Barcelona.<\/p>\n<ol start=\"8\">\n<li><strong>Altres consideracions<\/strong><\/li>\n<li>La vig\u00e8ncia temporal dels vigents avisos legals coincideixen amb el seu temps d&#8217;exposici\u00f3 passant a tenir vig\u00e8ncia els avisos legals modificats en el moment de la seva publicaci\u00f3.<\/li>\n<li>CARLES MIR\u00d3, S.L. informa que podr\u00e0 posar en coneixement de les autoritats corresponents si detect\u00e9s qualsevol infracci\u00f3 de la legislaci\u00f3 vigent o si tingu\u00e9s la sospita de la comissi\u00f3 d&#8217;algun delicte.<\/li>\n<li>En el cas que algun \u00f2rgan competent declar\u00e9s la nul\u00b7litat, en part o en la seva totalitat, d&#8217;alguna de les cl\u00e0usules d&#8217;aquests avisos legals, aquesta no afectar\u00e0 les restants disposicions.<\/li>\n<\/ol>\n[\/vc_column_text][\/vc_column][\/vc_row]\n","protected":false},"excerpt":{"rendered":"<p>[vc_row type=&#8221;in_container&#8221; full_screen_row_position=&#8221;middle&#8221; column_margin=&#8221;default&#8221; column_direction=&#8221;default&#8221; column_direction_tablet=&#8221;default&#8221; column_direction_phone=&#8221;default&#8221; scene_position=&#8221;center&#8221; text_color=&#8221;dark&#8221; text_align=&#8221;left&#8221; row_border_radius=&#8221;none&#8221; row_border_radius_applies=&#8221;bg&#8221; overflow=&#8221;visible&#8221; overlay_strength=&#8221;0.3&#8243; gradient_direction=&#8221;left_to_right&#8221; shape_divider_position=&#8221;bottom&#8221; bg_image_animation=&#8221;none&#8221;][vc_column column_padding=&#8221;no-extra-padding&#8221; column_padding_tablet=&#8221;inherit&#8221; column_padding_phone=&#8221;inherit&#8221; column_padding_position=&#8221;all&#8221; column_element_direction_desktop=&#8221;default&#8221; column_element_spacing=&#8221;default&#8221; desktop_text_alignment=&#8221;default&#8221; tablet_text_alignment=&#8221;default&#8221; phone_text_alignment=&#8221;default&#8221; background_color_opacity=&#8221;1&#8243; background_hover_color_opacity=&#8221;1&#8243; column_backdrop_filter=&#8221;none&#8221; column_shadow=&#8221;none&#8221;&#8230;<\/p>\n","protected":false},"author":1,"featured_media":0,"parent":0,"menu_order":0,"comment_status":"closed","ping_status":"closed","template":"","meta":{"footnotes":""},"class_list":["post-3166","page","type-page","status-publish"],"_links":{"self":[{"href":"https:\/\/carlesmiro.com\/ca\/wp-json\/wp\/v2\/pages\/3166","targetHints":{"allow":["GET"]}}],"collection":[{"href":"https:\/\/carlesmiro.com\/ca\/wp-json\/wp\/v2\/pages"}],"about":[{"href":"https:\/\/carlesmiro.com\/ca\/wp-json\/wp\/v2\/types\/page"}],"author":[{"embeddable":true,"href":"https:\/\/carlesmiro.com\/ca\/wp-json\/wp\/v2\/users\/1"}],"replies":[{"embeddable":true,"href":"https:\/\/carlesmiro.com\/ca\/wp-json\/wp\/v2\/comments?post=3166"}],"version-history":[{"count":2,"href":"https:\/\/carlesmiro.com\/ca\/wp-json\/wp\/v2\/pages\/3166\/revisions"}],"predecessor-version":[{"id":3170,"href":"https:\/\/carlesmiro.com\/ca\/wp-json\/wp\/v2\/pages\/3166\/revisions\/3170"}],"wp:attachment":[{"href":"https:\/\/carlesmiro.com\/ca\/wp-json\/wp\/v2\/media?parent=3166"}],"curies":[{"name":"wp","href":"https:\/\/api.w.org\/{rel}","templated":true}]}}