{"id":3418,"date":"2020-10-16T08:09:01","date_gmt":"2020-10-16T07:09:01","guid":{"rendered":"https:\/\/carlesmiro.com\/politica-de-cookies\/"},"modified":"2025-11-21T19:07:50","modified_gmt":"2025-11-21T18:07:50","slug":"politica-de-cookies","status":"publish","type":"page","link":"https:\/\/carlesmiro.com\/ca\/politica-de-cookies\/","title":{"rendered":"Pol\u00edtica de cookies"},"content":{"rendered":"[vc_row type=&#8221;in_container&#8221; full_screen_row_position=&#8221;middle&#8221; column_margin=&#8221;default&#8221; column_direction=&#8221;default&#8221; column_direction_tablet=&#8221;default&#8221; column_direction_phone=&#8221;default&#8221; scene_position=&#8221;center&#8221; text_color=&#8221;dark&#8221; text_align=&#8221;left&#8221; row_border_radius=&#8221;none&#8221; row_border_radius_applies=&#8221;bg&#8221; overflow=&#8221;visible&#8221; overlay_strength=&#8221;0.3&#8243; gradient_direction=&#8221;left_to_right&#8221; shape_divider_position=&#8221;bottom&#8221; bg_image_animation=&#8221;none&#8221;][vc_column column_padding=&#8221;no-extra-padding&#8221; column_padding_tablet=&#8221;inherit&#8221; column_padding_phone=&#8221;inherit&#8221; column_padding_position=&#8221;all&#8221; column_element_direction_desktop=&#8221;default&#8221; column_element_spacing=&#8221;default&#8221; desktop_text_alignment=&#8221;default&#8221; tablet_text_alignment=&#8221;default&#8221; phone_text_alignment=&#8221;default&#8221; background_color_opacity=&#8221;1&#8243; background_hover_color_opacity=&#8221;1&#8243; column_backdrop_filter=&#8221;none&#8221; column_shadow=&#8221;none&#8221; column_border_radius=&#8221;none&#8221; column_link_target=&#8221;_self&#8221; column_position=&#8221;default&#8221; gradient_direction=&#8221;left_to_right&#8221; overlay_strength=&#8221;0.3&#8243; width=&#8221;1\/1&#8243; tablet_width_inherit=&#8221;default&#8221; animation_type=&#8221;default&#8221; bg_image_animation=&#8221;none&#8221; border_type=&#8221;simple&#8221; column_border_width=&#8221;none&#8221; column_border_style=&#8221;solid&#8221;][vc_column_text css=&#8221;&#8221; text_direction=&#8221;default&#8221;]\n<h2><strong>POL\u00cdTICA DE COOKIES<\/strong><\/h2>\n<p>En compliment de la Llei 34\/2002, de l&#8217;11 de juliol, de serveis de la societat de la informaci\u00f3 i del comer\u00e7 electr\u00f2nic i el Reglament (UE) 2016\/679 del Parlament Europeo i del Consell, de 27 d&#8217;abril de 2016, relatiu a la protecci\u00f3 de les persones f\u00edsiques en el que respecta al tractament de dades personals i a la lliure circulaci\u00f3 d&#8217;aquests dades, l&#8217;empresa CARLES MIRO, S.L. informa als seus usuaris de la utilitzaci\u00f3 de cookies pr\u00f2pies i de tercers per millorar el servei prestat i l&#8217;experi\u00e8ncia de l&#8217;usuari.<\/p>\n<p><strong>\u00bfQu\u00e8 s\u00f3n les galetes?<\/strong><\/p>\n<p>Una cookie \u00e9s un fitxer que es descarrega al seu ordinador per accedir a determinades p\u00e0gines web. Les cookies permeten una p\u00e0gina web, entre altres, emmagatzemar i recuperar informaci\u00f3 sobre els h\u00e0bits de navegaci\u00f3 d&#8217;un usuari o del seu equip per a, en funci\u00f3 del tipus de navegaci\u00f3, poder oferir un millor servei a trav\u00e9s de la p\u00e0gina web.<\/p>\n<p><strong>\u00bfQuin tipus de galetes utilitza aquesta p\u00e0gina web i quins s\u00f3n les seves finalitats?<\/strong><\/p>\n<p><strong>Tipologia de cookies utilitzades<\/strong><\/p>\n<p>Amb l&#8217;objectiu de garantir la seva privacitat i perqu\u00e8 tingui plena capacitat de decisi\u00f3 en relaci\u00f3 a l&#8217;\u00fas de les mateixes, us informem que a la web <a href=\"https:\/\/carlesmiro.com\/ca\/\">www.carlesmiro.com<\/a> utilitzem els seg\u00fcents tipus de cookies:<\/p>\n<p><strong>Cookies t\u00e8cniques:<\/strong> son aquelles que permeten a l&#8217;usuari la navegaci\u00f3 a trav\u00e9s de la p\u00e0gina web o aplicaci\u00f3 i la utilitzaci\u00f3 de les diferents opcions o serveis que hi ha. Per exemple, identifiqueu la sessi\u00f3, equilibri de c\u00e0rrega per a una sessi\u00f3, realitzeu la sol\u00b7licitud d&#8217;inscripci\u00f3 o participaci\u00f3 en un esdeveniment, utilitzeu elements de seguretat durant la navegaci\u00f3 i emmagatzemeu continguts per a la difusi\u00f3 de v\u00eddeos o so.<\/p>\n<p><strong>Cookies de personalitzaci\u00f3:<\/strong> son aquelles que permeten a l&#8217;usuari accedir al servei amb algunes caracter\u00edstiques de car\u00e0cter general predefinides al seu terminal o al mateix usuari definit. Per exemple, l&#8217;idioma, la quantitat d&#8217;elements per la p\u00e0gina, els filtres o els criteris d&#8217;ordenaci\u00f3 o opcions de men\u00fa visitades.<\/p>\n<p><strong>Cookies anal\u00edtiques o d&#8217;an\u00e0lisi estad\u00edstic:<\/strong> aquestes &#8216;cookies&#8217; estan establertes per Google Analytics i s&#8217;utilitzen per comptabilitzar les persones que visiten les nostres p\u00e0gines web. Utilitzem aquestes informacions per fer an\u00e0lisis estad\u00edstics i redactar informes que ens ajuden a millorar les nostres p\u00e0gines web. Aquestes galetes recullen informaci\u00f3 de manera an\u00f2nima sobre els nostres visitants, incl\u00f2s el nombre de visitants a la nostra p\u00e0gina web, identifiqueu les webs que els ha redirigit fins a la nostra p\u00e0gina web, les p\u00e0gines que han visitat dins de la nostra web, el temps dedicat a cada p\u00e0gina, els acontecimientos que han estat utilitzats etc.<\/p>\n<p><strong>Cookies de sessi\u00f3:<\/strong> son aquelles que expiren quan l&#8217;usuari cerra el navegador. \u00c9s dir, s\u00f3n fitxers que s&#8217;assignen al dispositiu des del que es navega nom\u00e9s durant la seva visita a la nostra web i desapareixer\u00e0 autom\u00e0ticament quan es cerrar\u00e0 el navegador.<\/p>\n<p><strong>Cookies permanents:<\/strong> son les que expiren nom\u00e9s quan compleixen amb la finalitat per a la que serveixen i, per tant, no sempre finalitzen autom\u00e0ticament al tancar la sessi\u00f3.<\/p>\n<p><strong>Cookies de tercers:<\/strong> son aquelles que s&#8217;envien a la terminal de l&#8217;usuari des d&#8217;un equip o domini que no es gestiona per CARLES MIRO, S.L.sino per una altra entitat que tracta les dades obtingudes a trav\u00e9s de les cookies, per exemple des d&#8217;alguna red social.<\/p>\n<p><strong>Cookies socials:<\/strong> s\u00f3n necess\u00e0ries a les xarxes socials per controlar la interacci\u00f3 amb widgets socials al lloc web.<\/p>\n<p>Asimisme, \u00e9s possible que en alguna visita a la nostra p\u00e0gina web o per obrir algun correu electr\u00f2nic en el que se&#8217;n p\u00fablic algun anunci o alguna promoci\u00f3 sobre els nostres productes o serveis, instal\u00b7leu al seu navegador, alguna galeta que ens serveixi per mostrar posteriorment publicitat relacionada. amb la investigaci\u00f3 que hagi realitzat, desenvolupar un control dels nostres anuncis en relaci\u00f3, per exemple, amb el nombre de vegades que son vists, on apareixen, a qu\u00e8 hora se ven, etc.<\/p>\n<p>Totes aquestes galetes ens ajuden a millorar el servei que els oferim, d&#8217;aquesta manera podem garantir que els nostres usuaris troben la informaci\u00f3 que desitgen.<\/p>\n<p><strong>Permet, bloqueja o elimina les galetes<\/strong><\/p>\n<p>Podeu permetre, bloquejar o eliminar les galetes instal\u00b7lades al seu equip mitjan\u00e7ant la configuraci\u00f3 de les opcions del navegador instal\u00b7lat al seu ordinador.<\/p>\n<p>Podeu obtenir m\u00e9s informaci\u00f3 sobre com eliminar, configurar o bloquejar les cookies del seu navegador a:<\/p>\n<ul>\n<li>Desactivar les galetes a Chrome: <a href=\"https:\/\/support.google.com\/chrome\/answer\/95647?hl=es\">https:\/\/support.google.com\/chrome\/answer\/95647? hl=es<\/a><\/li>\n<li>Desactiva les galetes a Firefox: <a href=\"https:\/\/support.mozilla.org\/es\/kb\/impedir-que-los-sitios-web-guarden-sus-preferencia\">[\/vc_column_text][\/vc_column][\/vc_row]\n<\/a><\/li>\n<\/ul>\n","protected":false},"excerpt":{"rendered":"<p>[vc_row type=&#8221;in_container&#8221; full_screen_row_position=&#8221;middle&#8221; column_margin=&#8221;default&#8221; column_direction=&#8221;default&#8221; column_direction_tablet=&#8221;default&#8221; column_direction_phone=&#8221;default&#8221; scene_position=&#8221;center&#8221; text_color=&#8221;dark&#8221; text_align=&#8221;left&#8221; row_border_radius=&#8221;none&#8221; row_border_radius_applies=&#8221;bg&#8221; overflow=&#8221;visible&#8221; overlay_strength=&#8221;0.3&#8243; gradient_direction=&#8221;left_to_right&#8221; shape_divider_position=&#8221;bottom&#8221; bg_image_animation=&#8221;none&#8221;][vc_column column_padding=&#8221;no-extra-padding&#8221; column_padding_tablet=&#8221;inherit&#8221; column_padding_phone=&#8221;inherit&#8221; column_padding_position=&#8221;all&#8221; column_element_direction_desktop=&#8221;default&#8221; column_element_spacing=&#8221;default&#8221; desktop_text_alignment=&#8221;default&#8221; tablet_text_alignment=&#8221;default&#8221; phone_text_alignment=&#8221;default&#8221; background_color_opacity=&#8221;1&#8243; background_hover_color_opacity=&#8221;1&#8243; column_backdrop_filter=&#8221;none&#8221; column_shadow=&#8221;none&#8221;&#8230;<\/p>\n","protected":false},"author":1,"featured_media":0,"parent":0,"menu_order":0,"comment_status":"closed","ping_status":"closed","template":"","meta":{"footnotes":""},"class_list":["post-3418","page","type-page","status-publish"],"_links":{"self":[{"href":"https:\/\/carlesmiro.com\/ca\/wp-json\/wp\/v2\/pages\/3418","targetHints":{"allow":["GET"]}}],"collection":[{"href":"https:\/\/carlesmiro.com\/ca\/wp-json\/wp\/v2\/pages"}],"about":[{"href":"https:\/\/carlesmiro.com\/ca\/wp-json\/wp\/v2\/types\/page"}],"author":[{"embeddable":true,"href":"https:\/\/carlesmiro.com\/ca\/wp-json\/wp\/v2\/users\/1"}],"replies":[{"embeddable":true,"href":"https:\/\/carlesmiro.com\/ca\/wp-json\/wp\/v2\/comments?post=3418"}],"version-history":[{"count":1,"href":"https:\/\/carlesmiro.com\/ca\/wp-json\/wp\/v2\/pages\/3418\/revisions"}],"predecessor-version":[{"id":3420,"href":"https:\/\/carlesmiro.com\/ca\/wp-json\/wp\/v2\/pages\/3418\/revisions\/3420"}],"wp:attachment":[{"href":"https:\/\/carlesmiro.com\/ca\/wp-json\/wp\/v2\/media?parent=3418"}],"curies":[{"name":"wp","href":"https:\/\/api.w.org\/{rel}","templated":true}]}}