{"id":3422,"date":"2020-10-16T08:38:15","date_gmt":"2020-10-16T07:38:15","guid":{"rendered":"https:\/\/carlesmiro.com\/politica-de-privacidad\/"},"modified":"2025-11-21T19:08:12","modified_gmt":"2025-11-21T18:08:12","slug":"politica-de-privacitat","status":"publish","type":"page","link":"https:\/\/carlesmiro.com\/ca\/politica-de-privacitat\/","title":{"rendered":"Pol\u00edtica de privacitat"},"content":{"rendered":"[vc_row type=&#8221;in_container&#8221; full_screen_row_position=&#8221;middle&#8221; column_margin=&#8221;default&#8221; column_direction=&#8221;default&#8221; column_direction_tablet=&#8221;default&#8221; column_direction_phone=&#8221;default&#8221; scene_position=&#8221;center&#8221; text_color=&#8221;dark&#8221; text_align=&#8221;left&#8221; row_border_radius=&#8221;none&#8221; row_border_radius_applies=&#8221;bg&#8221; overflow=&#8221;visible&#8221; overlay_strength=&#8221;0.3&#8243; gradient_direction=&#8221;left_to_right&#8221; shape_divider_position=&#8221;bottom&#8221; bg_image_animation=&#8221;none&#8221;][vc_column column_padding=&#8221;no-extra-padding&#8221; column_padding_tablet=&#8221;inherit&#8221; column_padding_phone=&#8221;inherit&#8221; column_padding_position=&#8221;all&#8221; column_element_direction_desktop=&#8221;default&#8221; column_element_spacing=&#8221;default&#8221; desktop_text_alignment=&#8221;default&#8221; tablet_text_alignment=&#8221;default&#8221; phone_text_alignment=&#8221;default&#8221; background_color_opacity=&#8221;1&#8243; background_hover_color_opacity=&#8221;1&#8243; column_backdrop_filter=&#8221;none&#8221; column_shadow=&#8221;none&#8221; column_border_radius=&#8221;none&#8221; column_link_target=&#8221;_self&#8221; column_position=&#8221;default&#8221; gradient_direction=&#8221;left_to_right&#8221; overlay_strength=&#8221;0.3&#8243; width=&#8221;1\/1&#8243; tablet_width_inherit=&#8221;default&#8221; animation_type=&#8221;default&#8221; bg_image_animation=&#8221;none&#8221; border_type=&#8221;simple&#8221; column_border_width=&#8221;none&#8221; column_border_style=&#8221;solid&#8221;][vc_column_text css=&#8221;&#8221; text_direction=&#8221;default&#8221;]\n<h2>POL\u00cdTICA DE PRIVACITAT<\/h2>\n<p>En CARLES MIRO, S.L. (en adelante, \u201cCARLES MIRO, S.L.\u201d), ens importa la bona gesti\u00f3 i transpar\u00e8ncia de les dades personals que tractem, per aix\u00f2, aquesta pol\u00edtica de privadesa proporciona la informaci\u00f3 necess\u00e0ria de forma clara i concisa per a que l&#8217;usuari pugui facilitar i gestionar les seves dades mantenint un control real i efectiu, tal i com exigeix \u200b\u200bel Reglament General de Protecci\u00f3 de Dades (RGPD) i les lleis nacionals vigents.<\/p>\n<ol>\n<li>Responsable del tractament de dades<\/li>\n<\/ol>\n<p>Al visitar la web <a href=\"http:\/\/www.galeriacontrast.com\">www.carlesmiro.com<\/a> , est\u00e0 accedint a un lloc web titularitat de CARLES MIRO, S.L. el qual \u00e9s el responsable de les dades que es proporciona a trav\u00e9s dels formularis de contacte.<\/p>\n<p>Los datos de car\u00e1cter personal que se facilitan a trav\u00e9s de esta web quedaran registrados en un fichero llamado \u201cusuaris web\u201d titularidad de CARLES MIRO, S.L.<\/p>\n<ol start=\"2\">\n<li>Quines dades tractem?<\/li>\n<\/ol>\n<ul>\n<li>Informaci\u00f3 d&#8217;identificaci\u00f3: utilitzem aquesta informaci\u00f3 per identificar a l&#8217;usuari i assegurar-nos que s&#8217;ha de dir. Aquesta informaci\u00f3 inclou: nom i apellidos, edat i correu electr\u00f2nic.<\/li>\n<li>Informaci\u00f3 de contacte: utilitzem aquesta informaci\u00f3 per posar-nos en contacte amb l&#8217;usuari i facilitar la informaci\u00f3 que sol\u00b7licita aix\u00ed com enviar informaci\u00f3 relacionada amb els nostres productes i activitat. Aquesta informaci\u00f3 inclou: correu electr\u00f2nic i n\u00famero de tel\u00e8fon.<\/li>\n<li>Informaci\u00f3 professional: utilitzem aquesta informaci\u00f3 per saber el lloc o el sector de treball del interessat i poder enviar la informaci\u00f3 que m\u00e9s li interessa. Esta informaci\u00f3 inclou: puesto o sector de treball (prensa, artista, representante,&#8230;).<\/li>\n<\/ul>\n<ol start=\"3\">\n<li>\u00bfQuina finalitat utilitzem els dades personals?<\/li>\n<\/ol>\n<ul>\n<li>La finalitat de la recogida i el tractament de dades personals que sol\u00b7licitem enviem informaci\u00f3 sobre els nostres esdeveniments, serveis i informaci\u00f3 relacionada amb aquests.<\/li>\n<\/ul>\n<ol start=\"4\">\n<li>\u00bfCon qui\u00e9n compartimos los datos personales?<\/li>\n<\/ol>\n<ul>\n<li>Amb els prove\u00efdors necessaris, la legitimaci\u00f3 \u00e9s la correcta execuci\u00f3 del c\u00e0rrec.<\/li>\n<li>Com entitat responsable i transparent, \u00e9s possible que ens sol\u00b7licitem compartir les seves dades algun tipus d&#8217;entitats (siempre segons el perm\u00eds i el que estableix la llei):\n<ul>\n<li>Autoritats i forces de seguretat: quan aix\u00ed ho requereixi la llei o resulte necessari per protegir els nostres interessos leg\u00edtims d&#8217;acord amb la normativa vigent.<\/li>\n<\/ul>\n<\/li>\n<\/ul>\n<ol start=\"5\">\n<li>\u00bfCon qu\u00e9 base legal o legitimaci\u00f3n basamos el tratamiento de sus datos?<\/li>\n<\/ol>\n<ul>\n<li>El seu consentiment: les dades proporcionades a trav\u00e9s del formulari inclouen l&#8217;acceptaci\u00f3 expressa de les condicions de la present pol\u00edtica de privadesa aix\u00ed com la necessitat de marcar la casilla corresponent. D&#8217;aquesta manera, es compleix amb el que disposa el RGPD i habilita el tractament leg\u00edtim de les seves dades.<\/li>\n<li>Obligacions contractuals: tractarem les seves dades per complir amb les obligacions contractuals que deriven de la compra de productes o serveis.<\/li>\n<li>Inter\u00e8s leg\u00edtim: tractarem i utilitzarem els seus dades per millorar els nostres productes i serveis, enviant comunicacions comercials aix\u00ed com possibles q\u00fcestions d&#8217;investigaci\u00f3 i desenvolupament.<\/li>\n<\/ul>\n<ol start=\"6\">\n<li>\u00bfCom es pot exercir els seus drets?<\/li>\n<\/ol>\n<p>L&#8217;interessat podr\u00e0 exercir els seus drets en qualsevol moment dirigint-se mitjan\u00e7ant correu electr\u00f2nic adjuntant fotoc\u00f2pia del seu DNI o un altre document oficial identificador a <a href=\"mailto:info@carlesmiro.com\">info@carlesmiro.com<\/a> o a trav\u00e9s de la carta a Calle Pere Mateu, 4. 08506 Calldetenes (Barcelona)<\/p>\n<ol start=\"7\">\n<li>\u00bfQu\u00e8 drets pot exercir?<\/li>\n<\/ol>\n<ul>\n<li>Derecho d&#8217;acc\u00e9s: aquell dret a sol\u00b7licitar acc\u00e9s a les seves dades que estan tractats.<\/li>\n<li>Derecho de rectificaci\u00f3: dret a assegurar-se que les dades que estan tractats son complets i correctes.<\/li>\n<li>Derecho de cancelaci\u00f3n: dret a que cese el tractament i elimineu les dades del interessat.<\/li>\n<li>Derecho de l&#8217;oposici\u00f3: dret a que cesse un determinat tractament de dades.<\/li>\n<li>Derecho de portabilitat: dret a obtenir una copia de les seves dades per transmetre&#8217;ls a una nova empresa.<\/li>\n<li>Derecho de reclamaci\u00f3: si no est\u00e0 satisfet de la manera com gestionem les seves dades, t\u00e9 dret a presentar una reclamaci\u00f3 davant l&#8217;autoritat supervisora \u200b\u200bde l&#8217;estat membre de la Uni\u00f3 Europea en la resid\u00e8ncia.<\/li>\n<\/ul>\n<ol start=\"8\">\n<li>\u00bfQuines obligacions t\u00e9 com a usuari?<\/li>\n<\/ol>\n<ul>\n<li>L&#8217;usuari garanteix els dades personals facilitats a CARLES MIRO, S.L. son veraces i es fa responsable de comunicar qualsevol modificaci\u00f3 de les mateixes per a que en tot moment responen a la seva situaci\u00f3 actual.<\/li>\n<li>En cap cas s&#8217;acceptaran dades de persones menors d&#8217;edat, siendo obligaci\u00f3 dl&#8217;usuari facilitar dades veraces i actualitzats.<\/li>\n<\/ul>\n<ol start=\"9\">\n<li>\u00bfHasta cu\u00e1ndo conservaremos les seves dades?<\/li>\n<\/ol>\n<p>Segons la normativa de protecci\u00f3 de dades, els dades personals es conservaran fins que s&#8217;han de conservar necess\u00e0ries per a la finalitat del tractament i, posteriorment, es conservaran debidament bloquejades mentre sean necess\u00e0ries, a disposici\u00f3 de Jueces i Tribunals, el Ministerio Fiscal o las Administraciones P\u00fablicas competentes, per poder atendre possibles responsabilitats nacides del tractament fins a finalitzar els terminis de prescripci\u00f3 legals establerts a la normativa vigent.<\/p>\n<ol start=\"10\">\n<li>Seguretat de les dades<\/li>\n<\/ol>\n<p>Tal i com exigeix \u200b\u200bel RGPD, el responsable del tractament de la informaci\u00f3 als usuaris que respecta la legislaci\u00f3 vigent en mat\u00e8ria de protecci\u00f3 de dades personals, la privacitat dels usuaris i el secret i la seguretat de les dades, adoptant per a aix\u00f2 les mesures t\u00e8cniques i organitzatives. necessaris per a evitar la p\u00e8rdua, mal \u00fas, alteraci\u00f3, acc\u00e9s no autoritzat i roba dels dades personals facilitats, tenint en compte l&#8217;estat de la tecnologia, la naturalesa de les dades i els riscos als quals estan exposats.<\/p>\n<ol start=\"11\">\n<li>\u00bfCom posar-se en contacte amb nosaltres?<\/li>\n<\/ol>\n<p>L&#8217;usuari que tingui qualsevol duda o comentari sobre la forma en que CARLES MIRO, S.L. utilitza les dades dels seus usuaris, pots escriure&#8217;ns a <a href=\"mailto:info@carlesmiro.com\">info@carlesmiro.com<\/a>.<\/p>\n<ol start=\"12\">\n<li>Quina \u00e9s la normativa de protecci\u00f3 de dades?<\/li>\n<\/ol>\n<ul>\n<li>Reglament (UE) 2016\/679 del Parlament Europeo i el Consejo, de 27 d&#8217;abril de 2016, relatiu a la protecci\u00f3 de les persones f\u00edsiques en relaci\u00f3 al tractament de dades personals i la lliure circulaci\u00f3 d&#8217;aquestes dades i per la que es deroga a la Directiva 95\/46\/CE. (RGPD)<\/li>\n<li>Llei Org\u00e0nica 15\/1999, de 13 de desembre, de Protecci\u00f3 de Dades. (LOPD)<\/li>\n<li>Reial Decret 1720\/2007, de 21 de desembre, pel que s&#8217;aprueba el Reglament de desenvolupament de la Llei Org\u00e0nica 15\/1999, de 13 de desembre, de protecci\u00f3 de dades de car\u00e0cter personal (\u201cRLLOPD\u201d).&lt; \/li&gt;<\/li>\n<\/ul>\n[\/vc_column_text][\/vc_column][\/vc_row]\n","protected":false},"excerpt":{"rendered":"<p>[vc_row type=&#8221;in_container&#8221; full_screen_row_position=&#8221;middle&#8221; column_margin=&#8221;default&#8221; column_direction=&#8221;default&#8221; column_direction_tablet=&#8221;default&#8221; column_direction_phone=&#8221;default&#8221; scene_position=&#8221;center&#8221; text_color=&#8221;dark&#8221; text_align=&#8221;left&#8221; row_border_radius=&#8221;none&#8221; row_border_radius_applies=&#8221;bg&#8221; overflow=&#8221;visible&#8221; overlay_strength=&#8221;0.3&#8243; gradient_direction=&#8221;left_to_right&#8221; shape_divider_position=&#8221;bottom&#8221; bg_image_animation=&#8221;none&#8221;][vc_column column_padding=&#8221;no-extra-padding&#8221; column_padding_tablet=&#8221;inherit&#8221; column_padding_phone=&#8221;inherit&#8221; column_padding_position=&#8221;all&#8221; column_element_direction_desktop=&#8221;default&#8221; column_element_spacing=&#8221;default&#8221; desktop_text_alignment=&#8221;default&#8221; tablet_text_alignment=&#8221;default&#8221; phone_text_alignment=&#8221;default&#8221; background_color_opacity=&#8221;1&#8243; background_hover_color_opacity=&#8221;1&#8243; column_backdrop_filter=&#8221;none&#8221; column_shadow=&#8221;none&#8221;&#8230;<\/p>\n","protected":false},"author":1,"featured_media":0,"parent":0,"menu_order":0,"comment_status":"closed","ping_status":"closed","template":"","meta":{"footnotes":""},"class_list":["post-3422","page","type-page","status-publish"],"_links":{"self":[{"href":"https:\/\/carlesmiro.com\/ca\/wp-json\/wp\/v2\/pages\/3422","targetHints":{"allow":["GET"]}}],"collection":[{"href":"https:\/\/carlesmiro.com\/ca\/wp-json\/wp\/v2\/pages"}],"about":[{"href":"https:\/\/carlesmiro.com\/ca\/wp-json\/wp\/v2\/types\/page"}],"author":[{"embeddable":true,"href":"https:\/\/carlesmiro.com\/ca\/wp-json\/wp\/v2\/users\/1"}],"replies":[{"embeddable":true,"href":"https:\/\/carlesmiro.com\/ca\/wp-json\/wp\/v2\/comments?post=3422"}],"version-history":[{"count":1,"href":"https:\/\/carlesmiro.com\/ca\/wp-json\/wp\/v2\/pages\/3422\/revisions"}],"predecessor-version":[{"id":3424,"href":"https:\/\/carlesmiro.com\/ca\/wp-json\/wp\/v2\/pages\/3422\/revisions\/3424"}],"wp:attachment":[{"href":"https:\/\/carlesmiro.com\/ca\/wp-json\/wp\/v2\/media?parent=3422"}],"curies":[{"name":"wp","href":"https:\/\/api.w.org\/{rel}","templated":true}]}}