{"id":3493,"date":"2025-03-17T09:58:26","date_gmt":"2025-03-17T08:58:26","guid":{"rendered":"https:\/\/carlesmiro.com\/?page_id=3493"},"modified":"2025-11-21T19:07:34","modified_gmt":"2025-11-21T18:07:34","slug":"declaracio-daccessibilitat","status":"publish","type":"page","link":"https:\/\/carlesmiro.com\/ca\/declaracio-daccessibilitat\/","title":{"rendered":"Declaraci\u00f3 d\u2019accessibilitat"},"content":{"rendered":"[vc_row type=&#8221;in_container&#8221; full_screen_row_position=&#8221;middle&#8221; column_margin=&#8221;default&#8221; column_direction=&#8221;default&#8221; column_direction_tablet=&#8221;default&#8221; column_direction_phone=&#8221;default&#8221; scene_position=&#8221;center&#8221; text_color=&#8221;dark&#8221; text_align=&#8221;left&#8221; row_border_radius=&#8221;none&#8221; row_border_radius_applies=&#8221;bg&#8221; overflow=&#8221;visible&#8221; overlay_strength=&#8221;0.3&#8243; gradient_direction=&#8221;left_to_right&#8221; shape_divider_position=&#8221;bottom&#8221; bg_image_animation=&#8221;none&#8221;][vc_column column_padding=&#8221;no-extra-padding&#8221; column_padding_tablet=&#8221;inherit&#8221; column_padding_phone=&#8221;inherit&#8221; column_padding_position=&#8221;all&#8221; column_element_direction_desktop=&#8221;default&#8221; column_element_spacing=&#8221;default&#8221; desktop_text_alignment=&#8221;default&#8221; tablet_text_alignment=&#8221;default&#8221; phone_text_alignment=&#8221;default&#8221; background_color_opacity=&#8221;1&#8243; background_hover_color_opacity=&#8221;1&#8243; column_backdrop_filter=&#8221;none&#8221; column_shadow=&#8221;none&#8221; column_border_radius=&#8221;none&#8221; column_link_target=&#8221;_self&#8221; column_position=&#8221;default&#8221; gradient_direction=&#8221;left_to_right&#8221; overlay_strength=&#8221;0.3&#8243; width=&#8221;1\/1&#8243; tablet_width_inherit=&#8221;default&#8221; animation_type=&#8221;default&#8221; bg_image_animation=&#8221;none&#8221; border_type=&#8221;simple&#8221; column_border_width=&#8221;none&#8221; column_border_style=&#8221;solid&#8221;][vc_column_text css=&#8221;&#8221; text_direction=&#8221;default&#8221;]\n<h1>Declaraci\u00f3 d&#8217;accessibilitat<\/h1>\n<p>Carles Mir\u00f3 es compromet a millorar l&#8217;accessibilitat i la plena inclusi\u00f3 de persones amb discapacitat per dur a terme les seves tasques a tot el m\u00f3n. Carles Mir\u00f3 col\u00b7labora amb experts i persones amb discapacitat per dissenyar, desenvolupar i implementar solucions que proveeixin igualtat d&#8217;oportunitats.<\/p>\n<p>Carles Mir\u00f3, a trav\u00e9s de la Convenci\u00f3 dels Drets de les Persones amb Discapacitat i el seu protocol opcional (A\/RES\/61\/106), L&#8217;Agenda 2030 per al desenvolupament sustentable, la Nova Agenda Urbana i el Protocol de Reducci\u00f3 de Risc de Desastre de Sendai estan dedicats a promoure, protegir i garantir que els drets humans i les llibertats fonamentals siguin completament respectades per a totes les persones amb discapacitat.<\/p>\n<p>Les eines daccessibilitat web, ladaptaci\u00f3 raonable i els ambients de treball m\u00e9s inclusius s\u00f3n nom\u00e9s un pas m\u00e9s en vies de proveir a les persones amb discapacitat acc\u00e9s igualitari a les oportunitats docupaci\u00f3. Carles Mir\u00f3 est\u00e0 compromesa a construir societats resilients i crear oportunitats que realment no deixin ning\u00fa enrere.<\/p>\n<p>Entre les actualitzacions realitzades als nostres llocs web en funci\u00f3 de millorar l&#8217;accessibilitat destaquen:<\/p>\n<ul>\n<li>Navegaci\u00f3 Adaptable.<\/li>\n<li>Navegaci\u00f3 mitjan\u00e7ant el teclat.<\/li>\n<li>Enlla\u00e7os descriptius<\/li>\n<li>Interpretaci\u00f3 de recursos gr\u00e0fics: permet con\u00e8ixer tots els detalls que contenen les p\u00e0gines, incloses les imatges, taules i altres elements HTML.<\/li>\n<li>Visualitzaci\u00f3 de tots els continguts fins i tot en navegadors que no suportin CSS, plugin, etc.<\/li>\n<\/ul>\n<h4><strong>Navegaci\u00f3 Adaptable<\/strong><\/h4>\n<p>El disseny dels llocs web de Carles Mir\u00f3 permet adaptar el contingut a m\u00faltiples dispositius m\u00f2bils per garantir la millor experi\u00e8ncia de navegaci\u00f3 possible.<\/p>\n<h4>Navegaci\u00f3 mitjan\u00e7ant el teclat:<\/h4>\n<p>El projecte d&#8217;accessibilitat del portal del comit\u00e8 espanyol de Carles Mir\u00f3 permet que tot tipus d&#8217;usuari pugui accedir a qualsevol part del portal nom\u00e9s utilitzant el teclat de l&#8217;ordinador.<\/p>\n<h4>Enlla\u00e7os Descriptius:<\/h4>\n<p>Els enlla\u00e7os del portal incorporen un aclariment sobre la destinaci\u00f3.<\/p>\n<h4>Interpretaci\u00f3 de recursos gr\u00e0fics:<\/h4>\n<p>Les imatges, banners, fins i tot taules publicades al portal del comit\u00e8 espanyol de la Carles Mir\u00f3 incorporen una descripci\u00f3 que faciliten la comprensi\u00f3 de la informaci\u00f3 continguda en aquests recursos gr\u00e0fics.<\/p>\n<p>Aix\u00ed, \u00e9s possible con\u00e8ixer quina imatge acompanya un contingut, quins productes o idees promocionen els diferents banners o quines dades es faciliten a les algunes de les taules.[\/vc_column_text][\/vc_column][\/vc_row]\n","protected":false},"excerpt":{"rendered":"<p>[vc_row type=&#8221;in_container&#8221; full_screen_row_position=&#8221;middle&#8221; column_margin=&#8221;default&#8221; column_direction=&#8221;default&#8221; column_direction_tablet=&#8221;default&#8221; column_direction_phone=&#8221;default&#8221; scene_position=&#8221;center&#8221; text_color=&#8221;dark&#8221; text_align=&#8221;left&#8221; row_border_radius=&#8221;none&#8221; row_border_radius_applies=&#8221;bg&#8221; overflow=&#8221;visible&#8221; overlay_strength=&#8221;0.3&#8243; gradient_direction=&#8221;left_to_right&#8221; shape_divider_position=&#8221;bottom&#8221; bg_image_animation=&#8221;none&#8221;][vc_column column_padding=&#8221;no-extra-padding&#8221; column_padding_tablet=&#8221;inherit&#8221; column_padding_phone=&#8221;inherit&#8221; column_padding_position=&#8221;all&#8221; column_element_direction_desktop=&#8221;default&#8221; column_element_spacing=&#8221;default&#8221; desktop_text_alignment=&#8221;default&#8221; tablet_text_alignment=&#8221;default&#8221; phone_text_alignment=&#8221;default&#8221; background_color_opacity=&#8221;1&#8243; background_hover_color_opacity=&#8221;1&#8243; column_backdrop_filter=&#8221;none&#8221; column_shadow=&#8221;none&#8221;&#8230;<\/p>\n","protected":false},"author":2,"featured_media":0,"parent":0,"menu_order":0,"comment_status":"closed","ping_status":"closed","template":"","meta":{"footnotes":""},"class_list":["post-3493","page","type-page","status-publish"],"_links":{"self":[{"href":"https:\/\/carlesmiro.com\/ca\/wp-json\/wp\/v2\/pages\/3493","targetHints":{"allow":["GET"]}}],"collection":[{"href":"https:\/\/carlesmiro.com\/ca\/wp-json\/wp\/v2\/pages"}],"about":[{"href":"https:\/\/carlesmiro.com\/ca\/wp-json\/wp\/v2\/types\/page"}],"author":[{"embeddable":true,"href":"https:\/\/carlesmiro.com\/ca\/wp-json\/wp\/v2\/users\/2"}],"replies":[{"embeddable":true,"href":"https:\/\/carlesmiro.com\/ca\/wp-json\/wp\/v2\/comments?post=3493"}],"version-history":[{"count":3,"href":"https:\/\/carlesmiro.com\/ca\/wp-json\/wp\/v2\/pages\/3493\/revisions"}],"predecessor-version":[{"id":5961,"href":"https:\/\/carlesmiro.com\/ca\/wp-json\/wp\/v2\/pages\/3493\/revisions\/5961"}],"wp:attachment":[{"href":"https:\/\/carlesmiro.com\/ca\/wp-json\/wp\/v2\/media?parent=3493"}],"curies":[{"name":"wp","href":"https:\/\/api.w.org\/{rel}","templated":true}]}}