{"id":3419,"date":"2020-10-16T08:09:01","date_gmt":"2020-10-16T07:09:01","guid":{"rendered":"https:\/\/carlesmiro.com\/politica-de-cookies\/"},"modified":"2025-11-21T19:07:53","modified_gmt":"2025-11-21T18:07:53","slug":"politica-de-cookies","status":"publish","type":"page","link":"https:\/\/carlesmiro.com\/es\/politica-de-cookies\/","title":{"rendered":"Pol\u00edtica de cookies"},"content":{"rendered":"[vc_row type=\u00bbin_container\u00bb full_screen_row_position=\u00bbmiddle\u00bb column_margin=\u00bbdefault\u00bb column_direction=\u00bbdefault\u00bb column_direction_tablet=\u00bbdefault\u00bb column_direction_phone=\u00bbdefault\u00bb scene_position=\u00bbcenter\u00bb text_color=\u00bbdark\u00bb text_align=\u00bbleft\u00bb row_border_radius=\u00bbnone\u00bb row_border_radius_applies=\u00bbbg\u00bb overflow=\u00bbvisible\u00bb overlay_strength=\u00bb0.3&#8243; gradient_direction=\u00bbleft_to_right\u00bb shape_divider_position=\u00bbbottom\u00bb bg_image_animation=\u00bbnone\u00bb][vc_column column_padding=\u00bbno-extra-padding\u00bb column_padding_tablet=\u00bbinherit\u00bb column_padding_phone=\u00bbinherit\u00bb column_padding_position=\u00bball\u00bb column_element_direction_desktop=\u00bbdefault\u00bb column_element_spacing=\u00bbdefault\u00bb desktop_text_alignment=\u00bbdefault\u00bb tablet_text_alignment=\u00bbdefault\u00bb phone_text_alignment=\u00bbdefault\u00bb background_color_opacity=\u00bb1&#8243; background_hover_color_opacity=\u00bb1&#8243; column_backdrop_filter=\u00bbnone\u00bb column_shadow=\u00bbnone\u00bb column_border_radius=\u00bbnone\u00bb column_link_target=\u00bb_self\u00bb column_position=\u00bbdefault\u00bb gradient_direction=\u00bbleft_to_right\u00bb overlay_strength=\u00bb0.3&#8243; width=\u00bb1\/1&#8243; tablet_width_inherit=\u00bbdefault\u00bb animation_type=\u00bbdefault\u00bb bg_image_animation=\u00bbnone\u00bb border_type=\u00bbsimple\u00bb column_border_width=\u00bbnone\u00bb column_border_style=\u00bbsolid\u00bb][vc_column_text css=\u00bb\u00bb text_direction=\u00bbdefault\u00bb]\n<h2><strong>POL\u00cdTICA DE COOKIES<\/strong><\/h2>\n<p>En cumplimiento de la Ley 34\/2002, del\u00a011 de julio, de servicios de la sociedad de la informaci\u00f3n y del comercio electr\u00f3nico y el Reglamento (UE) 2016\/679 del Parlamento Europeo y del Consejo, de 27 de abril de 2016, relativo a la protecci\u00f3n de las personas f\u00edsicas en lo que respecta al tratamiento de datos personales y a la libre circulaci\u00f3n de estos datos, la empresa CARLES MIRO, S.L. informa a sus usuarios de la utilizaci\u00f3n de cookies propias y de terceros para mejorar el servicio prestado y la experiencia del usuario.<\/p>\n<p><strong>\u00bfQu\u00e9 son las cookies?<\/strong><\/p>\n<p>Una cookie es un fichero que se descarga en su ordenador al acceder a determinadas p\u00e1ginas webs. Las cookies permiten a una p\u00e1gina web, entre otras, almacenar y recuperar informaci\u00f3n sobre los h\u00e1bitos de navegaci\u00f3n de un usuario o de su equipo para, en funci\u00f3n del tipo de navegaci\u00f3n, poder ofrecer un mejor servicio a trav\u00e9s de la p\u00e1gina web.<\/p>\n<p><strong>\u00bfQu\u00e9 tipo de cookies utiliza esta p\u00e1gina web y cu\u00e1les son sus finalidades?<\/strong><\/p>\n<p><strong>Tipolog\u00eda de cookies utilizadas<\/strong><\/p>\n<p>Con el objetivo de garantizar su privacidad y para que usted tenga plena capacidad de decisi\u00f3n en relaci\u00f3n al uso de las mismas, le informamos que en la web <a href=\"https:\/\/carlesmiro.com\/es\/\">www.carlesmiro.com<\/a> utilizamos los siguientes tipos de cookies:<\/p>\n<p><strong>Cookies t\u00e9cnicas:<\/strong> son aquellas que permiten al usuario la navegaci\u00f3n a trav\u00e9s de la p\u00e1gina web o aplicaci\u00f3n y la utilizaci\u00f3n de las diferentes opciones o servicios que en ella existen. Por ejemplo, identificar la sesi\u00f3n, balanceo de carga para una sesi\u00f3n, realizar la solicitud de inscripci\u00f3n o participaci\u00f3n en un evento, utilizar elementos de seguridad durante la navegaci\u00f3n y almacenar contenidos para la difusi\u00f3n de v\u00eddeos o sonido.<\/p>\n<p><strong>Cookies de personalizaci\u00f3n:<\/strong> son aquellas que permiten al usuario acceder al servicio con algunas caracter\u00edsticas de car\u00e1cter general predefinidas en su terminal o que el mismo usuario defina. Por ejemplo, el idioma, cantidad de elementos por p\u00e1gina, filtros o criterios de ordenaci\u00f3n o opciones de men\u00fa visitadas.<\/p>\n<p><strong>Cookies anal\u00edticas o de an\u00e1lisis estad\u00edstico:<\/strong> estas &#8216;cookies&#8217; est\u00e1n establecidas por Google Analytics y se utilizan para contabilizar cu\u00e1ntas personas visitan nuestras p\u00e1ginas web. Utilizamos estas informaciones para hacer an\u00e1lisis estad\u00edsticos y redactar informes que nos ayuden a mejorar nuestras p\u00e1ginas web. Estas cookies recopilan informaci\u00f3n de manera an\u00f3nima sobre nuestros visitantes, incluyendo el n\u00famero de visitantes a nuestra p\u00e1gina web, identificar las webs que les ha redirigido hasta nuestra p\u00e1gina web, las p\u00e1ginas que han visitado dentro de nuestra web, el tiempo dedicado a cada p\u00e1gina, los acontecimientos que han sido utilizados etc.<\/p>\n<p><strong>Cookies de sesi\u00f3n:<\/strong> son aquellas que expiran cuando el usuario cierra el navegador. Es decir, son archivos que se asignan al dispositivo desde el que se navega s\u00f3lo durante su visita a nuestra web y desaparecen autom\u00e1ticamente cuando se cierra el navegador.<\/p>\n<p><strong>Cookies permanentes:<\/strong> son las que expiran s\u00f3lo cuando cumplen con la finalidad para la que sirven y, por tanto, no siempre finalizan autom\u00e1ticamente al cerrar la sesi\u00f3n.<\/p>\n<p><strong>Cookies de terceros:<\/strong> son aquellas que se env\u00edan a la terminal del usuario desde un equipo o dominio que no es gestionado por CARLES MIRO, S.L.sino por otra entidad que trata los datos obtenidos a trav\u00e9s de las cookies, por ejemplo desde alguna red social.<\/p>\n<p><strong>Cookies sociales:<\/strong> son necesarias en las redes sociales para controlar la interacci\u00f3n con widgets sociales en el sitio web.<\/p>\n<p>Asimismo, es posible que en alguna visita a nuestra p\u00e1gina web o al abrir alg\u00fan correo electr\u00f3nico en el que se publique alg\u00fan anuncio o alguna promoci\u00f3n sobre nuestros productos o servicios, se instale en su navegador, alguna cookie que nos sirva para mostrar posteriormente publicidad relacionada con la investigaci\u00f3n que haya realizado, desarrollar un control de nuestros anuncios en relaci\u00f3n, por ejemplo, con el n\u00famero de veces que son vistos, donde aparecen, a qu\u00e9 hora se ven, etc.<\/p>\n<p>Todas estas cookies nos ayudan a mejorar el servicio que les ofrecemos, de esta manera podemos garantizar que nuestros usuarios encuentran la informaci\u00f3n que desean<\/p>\n<p><strong>Permitir, bloquear o eliminar las cookies<\/strong><\/p>\n<p>Puede usted permitir, bloquear o eliminar las cookies instaladas en su equipo mediante la configuraci\u00f3n de las opciones del navegador instalado en su ordenador.<\/p>\n<p>Puede obtener m\u00e1s informaci\u00f3n sobre c\u00f3mo eliminar, configurar o bloquear las cookies de su navegador en:<\/p>\n<ul>\n<li>Desactivar cookies en Chrome: <a href=\"https:\/\/support.google.com\/chrome\/answer\/95647?hl=es\">https:\/\/support.google.com\/chrome\/answer\/95647?hl=es<\/a><\/li>\n<li>Desactivar cookies en Firefox: <a href=\"https:\/\/support.mozilla.org\/es\/kb\/impedir-que-los-sitios-web-guarden-sus-preferencia\">https:\/\/support.mozilla.org\/es\/kb\/impedir-que-los-sitios-web-guarden-sus-preferencia<\/a><\/li>\n<li>Desactivar cookies en Internet Explorer: <a href=\"http:\/\/windows.microsoft.com\/es-es\/windows-vista\/block-or-allow-cookies\">http:\/\/windows.microsoft.com\/es-es\/windows-vista\/block-or-allow-cookies<\/a><\/li>\n<li>Safari:\u00a0<a href=\"http:\/\/support.apple.com\/kb\/HT1677?viewlocale=es_ES\">http:\/\/support.apple.com\/kb\/HT1677?viewlocale=es_ES<\/a><\/li>\n<\/ul>\n<p><strong>Actualizaciones y cambios en la pol\u00edtica de cookies<\/strong><\/p>\n<p>La Web <a href=\"https:\/\/carlesmiro.com\/es\/\">www.carlesmiro.com<\/a> puede modificar esta Pol\u00edtica de Cookies sin previo aviso, en funci\u00f3n de las exigencias t\u00e9cnicas o normativas, o con el fin de adaptar esta pol\u00edtica a las instrucciones dictadas por la Agencia Espa\u00f1ola de Protecci\u00f3n de Datos, por esto se aconseja a los usuarios que la visiten peri\u00f3dicamente.[\/vc_column_text][\/vc_column][\/vc_row]\n","protected":false},"excerpt":{"rendered":"<p>[vc_row type=\u00bbin_container\u00bb full_screen_row_position=\u00bbmiddle\u00bb column_margin=\u00bbdefault\u00bb column_direction=\u00bbdefault\u00bb column_direction_tablet=\u00bbdefault\u00bb column_direction_phone=\u00bbdefault\u00bb scene_position=\u00bbcenter\u00bb text_color=\u00bbdark\u00bb text_align=\u00bbleft\u00bb row_border_radius=\u00bbnone\u00bb row_border_radius_applies=\u00bbbg\u00bb overflow=\u00bbvisible\u00bb overlay_strength=\u00bb0.3&#8243; gradient_direction=\u00bbleft_to_right\u00bb shape_divider_position=\u00bbbottom\u00bb bg_image_animation=\u00bbnone\u00bb][vc_column column_padding=\u00bbno-extra-padding\u00bb column_padding_tablet=\u00bbinherit\u00bb column_padding_phone=\u00bbinherit\u00bb column_padding_position=\u00bball\u00bb column_element_direction_desktop=\u00bbdefault\u00bb column_element_spacing=\u00bbdefault\u00bb desktop_text_alignment=\u00bbdefault\u00bb tablet_text_alignment=\u00bbdefault\u00bb phone_text_alignment=\u00bbdefault\u00bb background_color_opacity=\u00bb1&#8243; background_hover_color_opacity=\u00bb1&#8243; column_backdrop_filter=\u00bbnone\u00bb column_shadow=\u00bbnone\u00bb&#8230;<\/p>\n","protected":false},"author":1,"featured_media":0,"parent":0,"menu_order":0,"comment_status":"closed","ping_status":"closed","template":"","meta":{"footnotes":""},"class_list":["post-3419","page","type-page","status-publish"],"_links":{"self":[{"href":"https:\/\/carlesmiro.com\/es\/wp-json\/wp\/v2\/pages\/3419","targetHints":{"allow":["GET"]}}],"collection":[{"href":"https:\/\/carlesmiro.com\/es\/wp-json\/wp\/v2\/pages"}],"about":[{"href":"https:\/\/carlesmiro.com\/es\/wp-json\/wp\/v2\/types\/page"}],"author":[{"embeddable":true,"href":"https:\/\/carlesmiro.com\/es\/wp-json\/wp\/v2\/users\/1"}],"replies":[{"embeddable":true,"href":"https:\/\/carlesmiro.com\/es\/wp-json\/wp\/v2\/comments?post=3419"}],"version-history":[{"count":1,"href":"https:\/\/carlesmiro.com\/es\/wp-json\/wp\/v2\/pages\/3419\/revisions"}],"predecessor-version":[{"id":5963,"href":"https:\/\/carlesmiro.com\/es\/wp-json\/wp\/v2\/pages\/3419\/revisions\/5963"}],"wp:attachment":[{"href":"https:\/\/carlesmiro.com\/es\/wp-json\/wp\/v2\/media?parent=3419"}],"curies":[{"name":"wp","href":"https:\/\/api.w.org\/{rel}","templated":true}]}}