{"id":3423,"date":"2020-10-16T08:38:15","date_gmt":"2020-10-16T07:38:15","guid":{"rendered":"https:\/\/carlesmiro.com\/politica-de-privacidad\/"},"modified":"2025-11-21T19:08:15","modified_gmt":"2025-11-21T18:08:15","slug":"politica-de-privacidad","status":"publish","type":"page","link":"https:\/\/carlesmiro.com\/es\/politica-de-privacidad\/","title":{"rendered":"Pol\u00edtica de privacidad"},"content":{"rendered":"[vc_row type=\u00bbin_container\u00bb full_screen_row_position=\u00bbmiddle\u00bb column_margin=\u00bbdefault\u00bb column_direction=\u00bbdefault\u00bb column_direction_tablet=\u00bbdefault\u00bb column_direction_phone=\u00bbdefault\u00bb scene_position=\u00bbcenter\u00bb text_color=\u00bbdark\u00bb text_align=\u00bbleft\u00bb row_border_radius=\u00bbnone\u00bb row_border_radius_applies=\u00bbbg\u00bb overflow=\u00bbvisible\u00bb overlay_strength=\u00bb0.3&#8243; gradient_direction=\u00bbleft_to_right\u00bb shape_divider_position=\u00bbbottom\u00bb bg_image_animation=\u00bbnone\u00bb][vc_column column_padding=\u00bbno-extra-padding\u00bb column_padding_tablet=\u00bbinherit\u00bb column_padding_phone=\u00bbinherit\u00bb column_padding_position=\u00bball\u00bb column_element_direction_desktop=\u00bbdefault\u00bb column_element_spacing=\u00bbdefault\u00bb desktop_text_alignment=\u00bbdefault\u00bb tablet_text_alignment=\u00bbdefault\u00bb phone_text_alignment=\u00bbdefault\u00bb background_color_opacity=\u00bb1&#8243; background_hover_color_opacity=\u00bb1&#8243; column_backdrop_filter=\u00bbnone\u00bb column_shadow=\u00bbnone\u00bb column_border_radius=\u00bbnone\u00bb column_link_target=\u00bb_self\u00bb column_position=\u00bbdefault\u00bb gradient_direction=\u00bbleft_to_right\u00bb overlay_strength=\u00bb0.3&#8243; width=\u00bb1\/1&#8243; tablet_width_inherit=\u00bbdefault\u00bb animation_type=\u00bbdefault\u00bb bg_image_animation=\u00bbnone\u00bb border_type=\u00bbsimple\u00bb column_border_width=\u00bbnone\u00bb column_border_style=\u00bbsolid\u00bb][vc_column_text css=\u00bb\u00bb text_direction=\u00bbdefault\u00bb]\n<h2>POL\u00cdTICA DE PRIVACIDAD<\/h2>\n<p>En CARLES MIRO, S.L. (en adelante, \u201cCARLES MIRO, S.L.\u201d), nos importa la buena gesti\u00f3n y transparencia de los datos personales que tratamos, por eso, esta pol\u00edtica de privacidad proporciona la informaci\u00f3n necesaria de forma clara y concisa para que el usuario pueda facilitar y gestionar sus datos manteniendo un control real y efectivo, tal y como exige el Reglamento General de Protecci\u00f3n de Datos (RGPD) y las leyes nacionales vigentes.<\/p>\n<ol>\n<li>Responsable del tratamiento de datos<\/li>\n<\/ol>\n<p>Al visitar la web <a href=\"http:\/\/www.galeriacontrast.com\">www.carlesmiro.com<\/a> , est\u00e1 accediendo a un sitio web titularidad de CARLES MIRO, S.L. el cual es el responsable de los datos que se proporcionen a trav\u00e9s de los formularios de contacto.<\/p>\n<p>Los datos de car\u00e1cter personal que se faciliten a trav\u00e9s de \u00e9sta web quedaran registrados en un fichero llamado \u201cusuaris web\u201d titularidad de CARLES MIRO, S.L.<\/p>\n<ol start=\"2\">\n<li>\u00bfQu\u00e9 datos tratamos?<\/li>\n<\/ol>\n<ul>\n<li>Informaci\u00f3n de identificaci\u00f3n: utilizamos \u00e9sta informaci\u00f3n para identificar al usuario y asegurarnos de que es quien dice ser. \u00c9sta informaci\u00f3n incluye: nombre y apellidos, edad y correo electr\u00f3nico.<\/li>\n<li>Informaci\u00f3n de contacto: utilizamos \u00e9sta informaci\u00f3n para ponernos en contacto con el usuario y facilitarle la informaci\u00f3n que solicita as\u00ed como enviarle informaci\u00f3n relacionada con nuestros productos y actividad. \u00c9sta informaci\u00f3n incluye: email i n\u00famero de tel\u00e9fono.<\/li>\n<li>Informaci\u00f3n profesional: utilizamos esta informaci\u00f3n para saber el puesto o sector de trabajo del interesado y poderle enviar la informaci\u00f3n que m\u00e1s le interese. Esta informaci\u00f3n incluye: puesto o sector de trabajo (prensa, artista, representante,&#8230;).<\/li>\n<\/ul>\n<ol start=\"3\">\n<li>\u00bfCon qu\u00e9 finalidad utilizamos los datos personales?<\/li>\n<\/ol>\n<ul>\n<li>La finalidad de la recogida y tratamiento de datos personales que solicitamos es enviar informaci\u00f3n sobre nuestros eventos, servicios e informaci\u00f3n relacionada con estos.<\/li>\n<\/ul>\n<ol start=\"4\">\n<li>\u00bfCon qui\u00e9n compartimos los datos personales?<\/li>\n<\/ol>\n<ul>\n<li>Con los proveedores necesarios cuya legitimaci\u00f3n es la correcta ejecuci\u00f3n del encargo.<\/li>\n<li>Como entidad responsable y transparente, es posible que nos soliciten compartir sus datos alg\u00fan tipo de entidades (siempre seg\u00fan lo permitido y lo que establece la ley):\n<ul>\n<li>Autoridades y fuerzas de seguridad: cuando as\u00ed lo requiera la ley o resulte necesario para proteger nuestros intereses leg\u00edtimos de acuerdo con la normativa vigente.<\/li>\n<\/ul>\n<\/li>\n<\/ul>\n<ol start=\"5\">\n<li>\u00bfCon qu\u00e9 base legal o legitimaci\u00f3n basamos el tratamiento de sus datos?<\/li>\n<\/ol>\n<ul>\n<li>Su consentimiento: los datos proporcionados a trav\u00e9s del formulario incluyen la aceptaci\u00f3n expresa de las condiciones de la presente pol\u00edtica de privacidad as\u00ed como la necesidad de marcar la casilla correspondiente. De esta manera, se cumple con lo que dispone el RGPD y habilita el tratamiento leg\u00edtimo de sus datos.<\/li>\n<li>Obligaciones contractuales: trataremos sus datos para cumplir con las obligaciones contractuales que deriven de la compra de productos o servicios.<\/li>\n<li>Inter\u00e9s leg\u00edtimo: trataremos y utilizaremos sus datos para mejorar nuestros productos y servicios, enviando comunicaciones comerciales as\u00ed como posibles cuestionarios de investigaci\u00f3n y desarrollo.<\/li>\n<\/ul>\n<ol start=\"6\">\n<li>\u00bfC\u00f3mo puede ejercer sus derechos?<\/li>\n<\/ol>\n<p>El interesado podr\u00e1 ejercer sus derechos en cualquier momento dirigi\u00e9ndose mediante email adjuntando fotocopia de su DNI u otro documento oficial identificador a <a href=\"mailto:info@carlesmiro.com\">info@carlesmiro.com<\/a> o a trav\u00e9s de carta a Calle Pere Mateu, 4. 08506 Calldetenes (Barcelona)<\/p>\n<ol start=\"7\">\n<li>\u00bfQu\u00e9 derechos puede ejercer?<\/li>\n<\/ol>\n<ul>\n<li>Derecho de acceso: aquel derecho a solicitar acceso a sus datos que est\u00e1n siendo tratados.<\/li>\n<li>Derecho de rectificaci\u00f3n: derecho a asegurarse que los datos que est\u00e1n siendo tratados son completos y correctos.<\/li>\n<li>Derecho de cancelaci\u00f3n: derecho a que cese el tratamiento y se eliminen los datos del interesado.<\/li>\n<li>Derecho de oposici\u00f3n: derecho a que cese un determinado tratamiento de datos.<\/li>\n<li>Derecho de portabilidad: derecho a obtener una copia de sus datos para transmitirla a una nueva empresa.<\/li>\n<li>Derecho de reclamaci\u00f3n: si no est\u00e1 satisfecho en la manera como gestionamos sus datos, tiene derecho a presentar una reclamaci\u00f3n ante la autoridad supervisora del estado miembro de la Uni\u00f3n Europea en que resida.<\/li>\n<\/ul>\n<ol start=\"8\">\n<li>\u00bfQu\u00e9 obligaciones tiene como usuario?<\/li>\n<\/ol>\n<ul>\n<li>El usuario garantiza que los datos personales facilitados a CARLES MIRO, S.L. son veraces y se hace responsable de comunicar cualquier modificaci\u00f3n de las mismas para que en todo momento respondan a su situaci\u00f3n actual.<\/li>\n<li>En ning\u00fan caso se aceptaran datos de personas menores de edad, siendo obligaci\u00f3n del usuario facilitar datos veraces y actualizados.<\/li>\n<\/ul>\n<ol start=\"9\">\n<li>\u00bfHasta cu\u00e1ndo conservaremos sus datos?<\/li>\n<\/ol>\n<p>Seg\u00fan la normativa de protecci\u00f3n de datos, los datos personales se conservaran hasta que sean necesarias para la finalidad del tratamiento i, posteriormente, se conservaran debidamente bloqueadas mientras sean necesarias, a disposici\u00f3n de Jueces y Tribunales, el Ministerio Fiscal o las Administraciones P\u00fablicas competentes, para poder atender posibles responsabilidades nacidas del tratamiento hasta finalizar los plazos de prescripci\u00f3n legales establecidos en la normativa vigente.<\/p>\n<ol start=\"10\">\n<li>Seguridad de los datos<\/li>\n<\/ol>\n<p>Tal y como exige el RGPD, el responsable del tratamiento informa a los usuarios que respeta la legislaci\u00f3n vigente en materia de protecci\u00f3n de datos personales, la privacidad de los usuarios y el secreto y seguridad de los datos, adoptando para eso las medidas t\u00e9cnicas y organizativas necesarias para evitar la p\u00e9rdida, mal uso, alteraci\u00f3n, acceso no autorizado y robo de los datos personales facilitados, teniendo en cuenta el estado de la tecnolog\u00eda, la naturaleza de los datos y los riesgos a los cuales est\u00e1n expuestos.<\/p>\n<ol start=\"11\">\n<li>\u00bfC\u00f3mo ponerse en contacto con nosotros?<\/li>\n<\/ol>\n<p>El usuario que tenga cualquier duda o comentario sobre la forma en que CARLES MIRO, S.L. utiliza los datos de sus usuarios, puede escribirnos a <a href=\"mailto:info@carlesmiro.com\">info@carlesmiro.com<\/a>.<\/p>\n<ol start=\"12\">\n<li>\u00bfCu\u00e1l es la normativa de protecci\u00f3n de datos?<\/li>\n<\/ol>\n<ul>\n<li>Reglamento (UE) 2016\/679 del Parlamento Europeo y el Consejo, de 27 de abril de 2016, relativo a la protecci\u00f3n de las personas f\u00edsicas en relaci\u00f3n al tratamiento de datos personales y la libre circulaci\u00f3n de estos datos y por la que se deroga la Directiva 95\/46\/CE. (RGPD)<\/li>\n<li>Ley Org\u00e1nica 15\/1999, de 13 de diciembre, de Protecci\u00f3n de Datos. (LOPD)<\/li>\n<li>Real Decreto 1720\/2007, de 21 de diciembre, por el que se aprueba el Reglamento de desarrollo de la Ley Org\u00e1nica 15\/1999, de 13 de diciembre, de protecci\u00f3n de datos de car\u00e1cter personal (\u201cRLOPD\u201d).<\/li>\n<\/ul>\n[\/vc_column_text][\/vc_column][\/vc_row]\n","protected":false},"excerpt":{"rendered":"<p>[vc_row type=\u00bbin_container\u00bb full_screen_row_position=\u00bbmiddle\u00bb column_margin=\u00bbdefault\u00bb column_direction=\u00bbdefault\u00bb column_direction_tablet=\u00bbdefault\u00bb column_direction_phone=\u00bbdefault\u00bb scene_position=\u00bbcenter\u00bb text_color=\u00bbdark\u00bb text_align=\u00bbleft\u00bb row_border_radius=\u00bbnone\u00bb row_border_radius_applies=\u00bbbg\u00bb overflow=\u00bbvisible\u00bb overlay_strength=\u00bb0.3&#8243; gradient_direction=\u00bbleft_to_right\u00bb shape_divider_position=\u00bbbottom\u00bb bg_image_animation=\u00bbnone\u00bb][vc_column column_padding=\u00bbno-extra-padding\u00bb column_padding_tablet=\u00bbinherit\u00bb column_padding_phone=\u00bbinherit\u00bb column_padding_position=\u00bball\u00bb column_element_direction_desktop=\u00bbdefault\u00bb column_element_spacing=\u00bbdefault\u00bb desktop_text_alignment=\u00bbdefault\u00bb tablet_text_alignment=\u00bbdefault\u00bb phone_text_alignment=\u00bbdefault\u00bb background_color_opacity=\u00bb1&#8243; background_hover_color_opacity=\u00bb1&#8243; column_backdrop_filter=\u00bbnone\u00bb column_shadow=\u00bbnone\u00bb&#8230;<\/p>\n","protected":false},"author":1,"featured_media":0,"parent":0,"menu_order":0,"comment_status":"closed","ping_status":"closed","template":"","meta":{"footnotes":""},"class_list":["post-3423","page","type-page","status-publish"],"_links":{"self":[{"href":"https:\/\/carlesmiro.com\/es\/wp-json\/wp\/v2\/pages\/3423","targetHints":{"allow":["GET"]}}],"collection":[{"href":"https:\/\/carlesmiro.com\/es\/wp-json\/wp\/v2\/pages"}],"about":[{"href":"https:\/\/carlesmiro.com\/es\/wp-json\/wp\/v2\/types\/page"}],"author":[{"embeddable":true,"href":"https:\/\/carlesmiro.com\/es\/wp-json\/wp\/v2\/users\/1"}],"replies":[{"embeddable":true,"href":"https:\/\/carlesmiro.com\/es\/wp-json\/wp\/v2\/comments?post=3423"}],"version-history":[{"count":1,"href":"https:\/\/carlesmiro.com\/es\/wp-json\/wp\/v2\/pages\/3423\/revisions"}],"predecessor-version":[{"id":3425,"href":"https:\/\/carlesmiro.com\/es\/wp-json\/wp\/v2\/pages\/3423\/revisions\/3425"}],"wp:attachment":[{"href":"https:\/\/carlesmiro.com\/es\/wp-json\/wp\/v2\/media?parent=3423"}],"curies":[{"name":"wp","href":"https:\/\/api.w.org\/{rel}","templated":true}]}}